{"id":268761,"date":"2023-11-21T13:24:58","date_gmt":"2023-11-21T12:24:58","guid":{"rendered":"https:\/\/www.regiebulle.ch\/auflistung-der-kaufobjekte-2\/"},"modified":"2026-02-12T11:58:50","modified_gmt":"2026-02-12T10:58:50","slug":"neue-objekte-zum-kaufen","status":"publish","type":"page","link":"https:\/\/www.regiebulle.ch\/de\/neue-objekte-zum-kaufen\/","title":{"rendered":"Auflistung der Kaufobjekte"},"content":{"rendered":"\t\t<div data-elementor-type=\"wp-page\" data-elementor-id=\"268761\" class=\"elementor elementor-268761 elementor-19448\" data-elementor-post-type=\"page\">\n\t\t\t\t<div class=\"elementor-element elementor-element-526d0f9 e-flex e-con-boxed e-con e-parent\" data-id=\"526d0f9\" data-element_type=\"container\" data-e-type=\"container\" data-settings=\"{&quot;jet_parallax_layout_list&quot;:[]}\">\n\t\t\t\t\t<div class=\"e-con-inner\">\n\t\t\t\t<div class=\"elementor-element elementor-element-f49843f elementor-invisible elementor-widget elementor-widget-heading\" data-id=\"f49843f\" data-element_type=\"widget\" data-e-type=\"widget\" data-settings=\"{&quot;_animation&quot;:&quot;fadeIn&quot;,&quot;_animation_delay&quot;:100}\" data-widget_type=\"heading.default\">\n\t\t\t\t<div class=\"elementor-widget-container\">\n\t\t\t\t\t<h2 class=\"elementor-heading-title elementor-size-default\">Neue Objekte zu KAUFEN<\/h2>\t\t\t\t<\/div>\n\t\t\t\t<\/div>\n\t\t\t\t\t<\/div>\n\t\t\t\t<\/div>\n\t\t<div class=\"elementor-element elementor-element-bc80a2e e-flex e-con-boxed e-con e-parent\" data-id=\"bc80a2e\" data-element_type=\"container\" data-e-type=\"container\" data-settings=\"{&quot;background_background&quot;:&quot;classic&quot;,&quot;jet_parallax_layout_list&quot;:[]}\">\n\t\t\t\t\t<div class=\"e-con-inner\">\n\t\t<div class=\"elementor-element elementor-element-63d8f60 e-con-full e-flex e-con e-child\" data-id=\"63d8f60\" data-element_type=\"container\" data-e-type=\"container\" data-settings=\"{&quot;background_background&quot;:&quot;classic&quot;,&quot;jet_parallax_layout_list&quot;:[]}\">\n\t\t\t\t<div class=\"elementor-element elementor-element-0288d82 elementor-widget elementor-widget-jet-animated-box\" data-id=\"0288d82\" data-element_type=\"widget\" data-e-type=\"widget\" data-widget_type=\"jet-animated-box.default\">\n\t\t\t\t<div class=\"elementor-widget-container\">\n\t\t\t\t\t<div class=\"elementor-jet-animated-box jet-elements\"><div id=\"jet-animated-box-0288d82\" class=\"jet-animated-box jet-box-effect-2\" data-settings='{&quot;widgetId&quot;:&quot;0288d82&quot;,&quot;switchEventType&quot;:&quot;hover&quot;,&quot;paperFoldDirection&quot;:&quot;left&quot;,&quot;slideOutDirection&quot;:&quot;left&quot;,&quot;peelCornerPosition&quot;:&quot;right&quot;}'>\n\t<div id=\"jet-animated-box__front-0288d82\" class=\"jet-animated-box__front\">\n\t\t<div class=\"jet-animated-box__inner\"><div class=\"jet-animated-box__icon jet-animated-box__icon--front\"><div class=\"jet-animated-box-icon-inner\"><span class=\"jet-elements-icon\"><svg aria-hidden=\"true\" class=\"e-font-icon-svg e-fas-house-user\" viewBox=\"0 0 576 512\" xmlns=\"http:\/\/www.w3.org\/2000\/svg\"><path d=\"M570.69,236.27,512,184.44V48a16,16,0,0,0-16-16H432a16,16,0,0,0-16,16V99.67L314.78,10.3C308.5,4.61,296.53,0,288,0s-20.46,4.61-26.74,10.3l-256,226A18.27,18.27,0,0,0,0,248.2a18.64,18.64,0,0,0,4.09,10.71L25.5,282.7a21.14,21.14,0,0,0,12,5.3,21.67,21.67,0,0,0,10.69-4.11l15.9-14V480a32,32,0,0,0,32,32H480a32,32,0,0,0,32-32V269.88l15.91,14A21.94,21.94,0,0,0,538.63,288a20.89,20.89,0,0,0,11.87-5.31l21.41-23.81A21.64,21.64,0,0,0,576,248.19,21,21,0,0,0,570.69,236.27ZM288,176a64,64,0,1,1-64,64A64,64,0,0,1,288,176ZM400,448H176a16,16,0,0,1-16-16,96,96,0,0,1,96-96h64a96,96,0,0,1,96,96A16,16,0,0,1,400,448Z\"><\/path><\/svg><\/span><\/div><\/div><div class=\"jet-animated-box__content\"><h3 class=\"jet-animated-box__title jet-animated-box__title--front\">L'\u00c9crin<\/h3><h4 class=\"jet-animated-box__subtitle jet-animated-box__subtitle--front\"> - Saint-L\u00e9gier - <\/h4><\/div><\/div>\n\t\t<div class=\"jet-animated-box__overlay\"><\/div><\/div>\n\t<div id=\"jet-animated-box__back-0288d82\" class=\"jet-animated-box__back\">\n\t\t<div class=\"jet-animated-box__inner\"><div class=\"jet-animated-box__content\"><h3 class=\"jet-animated-box__title jet-animated-box__title--back\">Projet L'\u00c9crin<\/h3><h4 class=\"jet-animated-box__subtitle jet-animated-box__subtitle--back\"> - Saint-L\u00e9gier - <\/h4><p class=\"jet-animated-box__description jet-animated-box__description--back\">L'\u00c9crin bietet 11 luxuri\u00f6se Wohnungen (3,5 bis 5,5 Zimmer), die elegante Architektur und nachhaltige Technologien kombinieren. Espaces lumineux, mat\u00e9riaux nobles et finitions haut de gamme caract\u00e9risent cette r\u00e9sidence. Chaque logement b\u00e9n\u00e9ficie de g\u00e9n\u00e9reux ext\u00e9rieurs : loggias, terrasses ou jardins privatifs.  Das Projekt f\u00f6rdert sanfte Mobilit\u00e4t mit Tiefgarage, vorbereitet f\u00fcr Ladestationen ...<\/p><a class=\"elementor-button elementor-size-md jet-animated-box__button jet-animated-box__button--back jet-animated-box__button--icon-\" href=\"https:\/\/www.regiebulle.ch\/estate_property\/5192960-fr\/\"><span class=\"jet-animated-box__button-text\">Mehr erfahren<\/span><\/a>\n\n<\/div><\/div>\n\t\t<div class=\"jet-animated-box__overlay\"><\/div><\/div>\n<\/div>\n<\/div>\t\t\t\t<\/div>\n\t\t\t\t<\/div>\n\t\t\t\t<\/div>\n\t\t<div class=\"elementor-element elementor-element-ecd59cf e-con-full e-flex e-con e-child\" data-id=\"ecd59cf\" data-element_type=\"container\" data-e-type=\"container\" data-settings=\"{&quot;jet_parallax_layout_list&quot;:[]}\">\n\t\t\t\t<div class=\"elementor-element elementor-element-43ff860 elementor-widget elementor-widget-jet-animated-box\" data-id=\"43ff860\" data-element_type=\"widget\" data-e-type=\"widget\" data-widget_type=\"jet-animated-box.default\">\n\t\t\t\t<div class=\"elementor-widget-container\">\n\t\t\t\t\t<div class=\"elementor-jet-animated-box jet-elements\"><div id=\"jet-animated-box-43ff860\" class=\"jet-animated-box jet-box-effect-2\" data-settings='{&quot;widgetId&quot;:&quot;43ff860&quot;,&quot;switchEventType&quot;:&quot;hover&quot;,&quot;paperFoldDirection&quot;:&quot;left&quot;,&quot;slideOutDirection&quot;:&quot;left&quot;,&quot;peelCornerPosition&quot;:&quot;right&quot;}'>\n\t<div id=\"jet-animated-box__front-43ff860\" class=\"jet-animated-box__front\">\n\t\t<div class=\"jet-animated-box__inner\"><div class=\"jet-animated-box__icon jet-animated-box__icon--front\"><div class=\"jet-animated-box-icon-inner\"><span class=\"jet-elements-icon\"><svg aria-hidden=\"true\" class=\"e-font-icon-svg e-fas-house-user\" viewBox=\"0 0 576 512\" xmlns=\"http:\/\/www.w3.org\/2000\/svg\"><path d=\"M570.69,236.27,512,184.44V48a16,16,0,0,0-16-16H432a16,16,0,0,0-16,16V99.67L314.78,10.3C308.5,4.61,296.53,0,288,0s-20.46,4.61-26.74,10.3l-256,226A18.27,18.27,0,0,0,0,248.2a18.64,18.64,0,0,0,4.09,10.71L25.5,282.7a21.14,21.14,0,0,0,12,5.3,21.67,21.67,0,0,0,10.69-4.11l15.9-14V480a32,32,0,0,0,32,32H480a32,32,0,0,0,32-32V269.88l15.91,14A21.94,21.94,0,0,0,538.63,288a20.89,20.89,0,0,0,11.87-5.31l21.41-23.81A21.64,21.64,0,0,0,576,248.19,21,21,0,0,0,570.69,236.27ZM288,176a64,64,0,1,1-64,64A64,64,0,0,1,288,176ZM400,448H176a16,16,0,0,1-16-16,96,96,0,0,1,96-96h64a96,96,0,0,1,96,96A16,16,0,0,1,400,448Z\"><\/path><\/svg><\/span><\/div><\/div><div class=\"jet-animated-box__content\"><h3 class=\"jet-animated-box__title jet-animated-box__title--front\">Les Balcons du Lac<\/h3><h4 class=\"jet-animated-box__subtitle jet-animated-box__subtitle--front\"> - Rossens - <\/h4><\/div><\/div>\n\t\t<div class=\"jet-animated-box__overlay\"><\/div><\/div>\n\t<div id=\"jet-animated-box__back-43ff860\" class=\"jet-animated-box__back\">\n\t\t<div class=\"jet-animated-box__inner\"><div class=\"jet-animated-box__content\"><h3 class=\"jet-animated-box__title jet-animated-box__title--back\">Projet Les Balcons du Lac<\/h3><h4 class=\"jet-animated-box__subtitle jet-animated-box__subtitle--back\">- Rossens - <\/h4><p class=\"jet-animated-box__description jet-animated-box__description--back\">Ihre Oase der Ruhe, nur 15 Minuten von Freiburg und Bulle entfernt!\nExklusives Angebot von 2,5- bis 4,5-Zimmer-Wohnungen in gr\u00fcner und ruhiger Umgebung. Die Pluspunkte: Helle R\u00e4ume mit Balkonen\/Terrassen, hochwertige Ausstattung, Energieklasse A, Parkpl\u00e4tze inklusive. Verkehrsmittel, Gesch\u00e4fte und Schulen in der N\u00e4he.\nDie perfekte Balance zwischen Natur und Komfort.<\/p><a class=\"elementor-button elementor-size-md jet-animated-box__button jet-animated-box__button--back jet-animated-box__button--icon-\" href=\"https:\/\/www.regiebulle.ch\/de\/estate_property\/5412973-de\/\"><span class=\"jet-animated-box__button-text\">Mehr erfahren<\/span><\/a>\n\n<\/div><\/div>\n\t\t<div class=\"jet-animated-box__overlay\"><\/div><\/div>\n<\/div>\n<\/div>\t\t\t\t<\/div>\n\t\t\t\t<\/div>\n\t\t\t\t<\/div>\n\t\t\t\t\t<\/div>\n\t\t\t\t<\/div>\n\t\t<div class=\"elementor-element elementor-element-c0b6210 e-flex e-con-boxed e-con e-parent\" data-id=\"c0b6210\" data-element_type=\"container\" data-e-type=\"container\" data-settings=\"{&quot;background_background&quot;:&quot;classic&quot;,&quot;jet_parallax_layout_list&quot;:[]}\">\n\t\t\t\t\t<div class=\"e-con-inner\">\n\t\t<div class=\"elementor-element elementor-element-33be8cb e-con-full e-flex e-con e-child\" data-id=\"33be8cb\" data-element_type=\"container\" data-e-type=\"container\" data-settings=\"{&quot;background_background&quot;:&quot;classic&quot;,&quot;jet_parallax_layout_list&quot;:[]}\">\n\t\t\t\t<div class=\"elementor-element elementor-element-e1c2e22 elementor-widget elementor-widget-jet-animated-box\" data-id=\"e1c2e22\" data-element_type=\"widget\" data-e-type=\"widget\" data-widget_type=\"jet-animated-box.default\">\n\t\t\t\t<div class=\"elementor-widget-container\">\n\t\t\t\t\t<div class=\"elementor-jet-animated-box jet-elements\"><div id=\"jet-animated-box-e1c2e22\" class=\"jet-animated-box jet-box-effect-2\" data-settings='{&quot;widgetId&quot;:&quot;e1c2e22&quot;,&quot;switchEventType&quot;:&quot;hover&quot;,&quot;paperFoldDirection&quot;:&quot;left&quot;,&quot;slideOutDirection&quot;:&quot;left&quot;,&quot;peelCornerPosition&quot;:&quot;right&quot;}'>\n\t<div id=\"jet-animated-box__front-e1c2e22\" class=\"jet-animated-box__front\">\n\t\t<div class=\"jet-animated-box__inner\"><div class=\"jet-animated-box__icon jet-animated-box__icon--front\"><div class=\"jet-animated-box-icon-inner\"><span class=\"jet-elements-icon\"><svg aria-hidden=\"true\" class=\"e-font-icon-svg e-fas-house-user\" viewBox=\"0 0 576 512\" xmlns=\"http:\/\/www.w3.org\/2000\/svg\"><path d=\"M570.69,236.27,512,184.44V48a16,16,0,0,0-16-16H432a16,16,0,0,0-16,16V99.67L314.78,10.3C308.5,4.61,296.53,0,288,0s-20.46,4.61-26.74,10.3l-256,226A18.27,18.27,0,0,0,0,248.2a18.64,18.64,0,0,0,4.09,10.71L25.5,282.7a21.14,21.14,0,0,0,12,5.3,21.67,21.67,0,0,0,10.69-4.11l15.9-14V480a32,32,0,0,0,32,32H480a32,32,0,0,0,32-32V269.88l15.91,14A21.94,21.94,0,0,0,538.63,288a20.89,20.89,0,0,0,11.87-5.31l21.41-23.81A21.64,21.64,0,0,0,576,248.19,21,21,0,0,0,570.69,236.27ZM288,176a64,64,0,1,1-64,64A64,64,0,0,1,288,176ZM400,448H176a16,16,0,0,1-16-16,96,96,0,0,1,96-96h64a96,96,0,0,1,96,96A16,16,0,0,1,400,448Z\"><\/path><\/svg><\/span><\/div><\/div><div class=\"jet-animated-box__content\"><h3 class=\"jet-animated-box__title jet-animated-box__title--front\">Beaus\u00e9jour<\/h3><h4 class=\"jet-animated-box__subtitle jet-animated-box__subtitle--front\"> - Beaus\u00e9jour 2 - Givisiez - <\/h4><\/div><\/div>\n\t\t<div class=\"jet-animated-box__overlay\"><\/div><\/div>\n\t<div id=\"jet-animated-box__back-e1c2e22\" class=\"jet-animated-box__back\">\n\t\t<div class=\"jet-animated-box__inner\"><div class=\"jet-animated-box__content\"><h3 class=\"jet-animated-box__title jet-animated-box__title--back\">Projet Beaus\u00e9jour<\/h3><h4 class=\"jet-animated-box__subtitle jet-animated-box__subtitle--back\">- Beaus\u00e9jour 2 - Givisez - <\/h4><p class=\"jet-animated-box__description jet-animated-box__description--back\">Nouvelle promotion dans un cadre verdoyant en exclusivit\u00e9 ! <br>  Das Projekt Beaus\u00e9jour umfasst 10 Wohnungen, die Sie begeistern werden, mit 3.5, 4.5 und einem 5.5 Zimmer Penthouse. Gro\u00dfz\u00fcgige R\u00e4ume, hochwertige Ausstattung und eine strategische Lage - was will man mehr? <\/p><a class=\"elementor-button elementor-size-md jet-animated-box__button jet-animated-box__button--back jet-animated-box__button--icon-\" href=\"https:\/\/www.regiebulle.ch\/de\/estate_property\/5259842-de\/\"><span class=\"jet-animated-box__button-text\">Mehr erfahren<\/span><\/a>\n\n<\/div><\/div>\n\t\t<div class=\"jet-animated-box__overlay\"><\/div><\/div>\n<\/div>\n<\/div>\t\t\t\t<\/div>\n\t\t\t\t<\/div>\n\t\t\t\t<\/div>\n\t\t<div class=\"elementor-element elementor-element-b11e4ec e-con-full e-flex e-con e-child\" data-id=\"b11e4ec\" data-element_type=\"container\" data-e-type=\"container\" data-settings=\"{&quot;jet_parallax_layout_list&quot;:[]}\">\n\t\t\t\t<\/div>\n\t\t\t\t\t<\/div>\n\t\t\t\t<\/div>\n\t\t\t\t<\/div>\n\t\t","protected":false},"excerpt":{"rendered":"<p>Neue Objekte zu KAUFEN L&#8217;\u00c9crin &#8211; Saint-L\u00e9gier &#8211; Projet L&#8217;\u00c9crin &#8211; Saint-L\u00e9gier &#8211; L&#8217;\u00c9crin bietet 11 luxuri\u00f6se Wohnungen (3,5 bis 5,5 Zimmer), die elegante Architektur und nachhaltige Technologien kombinieren. Espaces lumineux, mat\u00e9riaux nobles et finitions haut de gamme caract\u00e9risent cette r\u00e9sidence. Chaque logement b\u00e9n\u00e9ficie de g\u00e9n\u00e9reux ext\u00e9rieurs : loggias, terrasses ou jardins privatifs. Das Projekt f\u00f6rdert sanfte Mobilit\u00e4t mit Tiefgarage, vorbereitet f\u00fcr Ladestationen &#8230; &#8230;<\/p>\n","protected":false},"author":1,"featured_media":0,"parent":0,"menu_order":0,"comment_status":"closed","ping_status":"closed","template":"","meta":{"footnotes":""},"class_list":["post-268761","page","type-page","status-publish","hentry"],"yoast_head":"<!-- This site is optimized with the Yoast SEO plugin v27.2 - https:\/\/yoast.com\/product\/yoast-seo-wordpress\/ -->\n<title>Auflistung der Kaufobjekte - R\u00e9gie Bulle SA<\/title>\n<meta name=\"robots\" content=\"index, follow, max-snippet:-1, max-image-preview:large, max-video-preview:-1\" \/>\n<link rel=\"canonical\" href=\"https:\/\/www.regiebulle.ch\/de\/neue-objekte-zum-kaufen\/\" \/>\n<meta property=\"og:locale\" content=\"de_DE\" \/>\n<meta property=\"og:type\" content=\"article\" \/>\n<meta property=\"og:title\" content=\"Auflistung der Kaufobjekte - R\u00e9gie Bulle SA\" \/>\n<meta property=\"og:description\" content=\"Neue Objekte zu KAUFEN L&#8217;\u00c9crin &#8211; Saint-L\u00e9gier &#8211; Projet L&#8217;\u00c9crin &#8211; Saint-L\u00e9gier &#8211; L&#8217;\u00c9crin bietet 11 luxuri\u00f6se Wohnungen (3,5 bis 5,5 Zimmer), die elegante Architektur und nachhaltige Technologien kombinieren. Espaces lumineux, mat\u00e9riaux nobles et finitions haut de gamme caract\u00e9risent cette r\u00e9sidence. Chaque logement b\u00e9n\u00e9ficie de g\u00e9n\u00e9reux ext\u00e9rieurs : loggias, terrasses ou jardins privatifs. Das Projekt f\u00f6rdert sanfte Mobilit\u00e4t mit Tiefgarage, vorbereitet f\u00fcr Ladestationen &#8230; ...\" \/>\n<meta property=\"og:url\" content=\"https:\/\/www.regiebulle.ch\/de\/neue-objekte-zum-kaufen\/\" \/>\n<meta property=\"og:site_name\" content=\"R\u00e9gie Bulle SA\" \/>\n<meta property=\"article:publisher\" content=\"https:\/\/www.facebook.com\/p\/Rgie-Bulle-Immobilier-61572992155377\/\" \/>\n<meta property=\"article:modified_time\" content=\"2026-02-12T10:58:50+00:00\" \/>\n<meta name=\"twitter:card\" content=\"summary_large_image\" \/>\n<meta name=\"twitter:label1\" content=\"Gesch\u00e4tzte Lesezeit\" \/>\n\t<meta name=\"twitter:data1\" content=\"1\u00a0Minute\" \/>\n<script type=\"application\/ld+json\" class=\"yoast-schema-graph\">{\"@context\":\"https:\/\/schema.org\",\"@graph\":[{\"@type\":\"WebPage\",\"@id\":\"https:\/\/www.regiebulle.ch\/de\/neue-objekte-zum-kaufen\/\",\"url\":\"https:\/\/www.regiebulle.ch\/de\/neue-objekte-zum-kaufen\/\",\"name\":\"Auflistung der Kaufobjekte - R\u00e9gie Bulle SA\",\"isPartOf\":{\"@id\":\"https:\/\/www.regiebulle.ch\/de\/#website\"},\"datePublished\":\"2023-11-21T12:24:58+00:00\",\"dateModified\":\"2026-02-12T10:58:50+00:00\",\"breadcrumb\":{\"@id\":\"https:\/\/www.regiebulle.ch\/de\/neue-objekte-zum-kaufen\/#breadcrumb\"},\"inLanguage\":\"de\",\"potentialAction\":[{\"@type\":\"ReadAction\",\"target\":[\"https:\/\/www.regiebulle.ch\/de\/neue-objekte-zum-kaufen\/\"]}]},{\"@type\":\"BreadcrumbList\",\"@id\":\"https:\/\/www.regiebulle.ch\/de\/neue-objekte-zum-kaufen\/#breadcrumb\",\"itemListElement\":[{\"@type\":\"ListItem\",\"position\":1,\"name\":\"Accueil\",\"item\":\"https:\/\/www.regiebulle.ch\/de\/\"},{\"@type\":\"ListItem\",\"position\":2,\"name\":\"Auflistung der Kaufobjekte\"}]},{\"@type\":\"WebSite\",\"@id\":\"https:\/\/www.regiebulle.ch\/de\/#website\",\"url\":\"https:\/\/www.regiebulle.ch\/de\/\",\"name\":\"R\u00e9gie Bulle SA\",\"description\":\"\",\"publisher\":{\"@id\":\"https:\/\/www.regiebulle.ch\/de\/#organization\"},\"potentialAction\":[{\"@type\":\"SearchAction\",\"target\":{\"@type\":\"EntryPoint\",\"urlTemplate\":\"https:\/\/www.regiebulle.ch\/de\/?s={search_term_string}\"},\"query-input\":{\"@type\":\"PropertyValueSpecification\",\"valueRequired\":true,\"valueName\":\"search_term_string\"}}],\"inLanguage\":\"de\"},{\"@type\":\"Organization\",\"@id\":\"https:\/\/www.regiebulle.ch\/de\/#organization\",\"name\":\"R\u00e9gie Bulle SA\",\"url\":\"https:\/\/www.regiebulle.ch\/de\/\",\"logo\":{\"@type\":\"ImageObject\",\"inLanguage\":\"de\",\"@id\":\"https:\/\/www.regiebulle.ch\/de\/#\/schema\/logo\/image\/\",\"url\":\"https:\/\/www.regiebulle.ch\/wp-content\/uploads\/2023\/11\/LogoRBulle_Small.png\",\"contentUrl\":\"https:\/\/www.regiebulle.ch\/wp-content\/uploads\/2023\/11\/LogoRBulle_Small.png\",\"width\":250,\"height\":235,\"caption\":\"R\u00e9gie Bulle SA\"},\"image\":{\"@id\":\"https:\/\/www.regiebulle.ch\/de\/#\/schema\/logo\/image\/\"},\"sameAs\":[\"https:\/\/www.facebook.com\/p\/Rgie-Bulle-Immobilier-61572992155377\/\",\"https:\/\/www.instagram.com\/regiebulle_immobilier\/\",\"https:\/\/www.linkedin.com\/company\/regie-bulle-sa\/\"]}]}<\/script>\n<!-- \/ Yoast SEO plugin. -->","yoast_head_json":{"title":"Auflistung der Kaufobjekte - R\u00e9gie Bulle SA","robots":{"index":"index","follow":"follow","max-snippet":"max-snippet:-1","max-image-preview":"max-image-preview:large","max-video-preview":"max-video-preview:-1"},"canonical":"https:\/\/www.regiebulle.ch\/de\/neue-objekte-zum-kaufen\/","og_locale":"de_DE","og_type":"article","og_title":"Auflistung der Kaufobjekte - R\u00e9gie Bulle SA","og_description":"Neue Objekte zu KAUFEN L&#8217;\u00c9crin &#8211; Saint-L\u00e9gier &#8211; Projet L&#8217;\u00c9crin &#8211; Saint-L\u00e9gier &#8211; L&#8217;\u00c9crin bietet 11 luxuri\u00f6se Wohnungen (3,5 bis 5,5 Zimmer), die elegante Architektur und nachhaltige Technologien kombinieren. Espaces lumineux, mat\u00e9riaux nobles et finitions haut de gamme caract\u00e9risent cette r\u00e9sidence. Chaque logement b\u00e9n\u00e9ficie de g\u00e9n\u00e9reux ext\u00e9rieurs : loggias, terrasses ou jardins privatifs. Das Projekt f\u00f6rdert sanfte Mobilit\u00e4t mit Tiefgarage, vorbereitet f\u00fcr Ladestationen &#8230; ...","og_url":"https:\/\/www.regiebulle.ch\/de\/neue-objekte-zum-kaufen\/","og_site_name":"R\u00e9gie Bulle SA","article_publisher":"https:\/\/www.facebook.com\/p\/Rgie-Bulle-Immobilier-61572992155377\/","article_modified_time":"2026-02-12T10:58:50+00:00","twitter_card":"summary_large_image","twitter_misc":{"Gesch\u00e4tzte Lesezeit":"1\u00a0Minute"},"schema":{"@context":"https:\/\/schema.org","@graph":[{"@type":"WebPage","@id":"https:\/\/www.regiebulle.ch\/de\/neue-objekte-zum-kaufen\/","url":"https:\/\/www.regiebulle.ch\/de\/neue-objekte-zum-kaufen\/","name":"Auflistung der Kaufobjekte - R\u00e9gie Bulle SA","isPartOf":{"@id":"https:\/\/www.regiebulle.ch\/de\/#website"},"datePublished":"2023-11-21T12:24:58+00:00","dateModified":"2026-02-12T10:58:50+00:00","breadcrumb":{"@id":"https:\/\/www.regiebulle.ch\/de\/neue-objekte-zum-kaufen\/#breadcrumb"},"inLanguage":"de","potentialAction":[{"@type":"ReadAction","target":["https:\/\/www.regiebulle.ch\/de\/neue-objekte-zum-kaufen\/"]}]},{"@type":"BreadcrumbList","@id":"https:\/\/www.regiebulle.ch\/de\/neue-objekte-zum-kaufen\/#breadcrumb","itemListElement":[{"@type":"ListItem","position":1,"name":"Accueil","item":"https:\/\/www.regiebulle.ch\/de\/"},{"@type":"ListItem","position":2,"name":"Auflistung der Kaufobjekte"}]},{"@type":"WebSite","@id":"https:\/\/www.regiebulle.ch\/de\/#website","url":"https:\/\/www.regiebulle.ch\/de\/","name":"R\u00e9gie Bulle SA","description":"","publisher":{"@id":"https:\/\/www.regiebulle.ch\/de\/#organization"},"potentialAction":[{"@type":"SearchAction","target":{"@type":"EntryPoint","urlTemplate":"https:\/\/www.regiebulle.ch\/de\/?s={search_term_string}"},"query-input":{"@type":"PropertyValueSpecification","valueRequired":true,"valueName":"search_term_string"}}],"inLanguage":"de"},{"@type":"Organization","@id":"https:\/\/www.regiebulle.ch\/de\/#organization","name":"R\u00e9gie Bulle SA","url":"https:\/\/www.regiebulle.ch\/de\/","logo":{"@type":"ImageObject","inLanguage":"de","@id":"https:\/\/www.regiebulle.ch\/de\/#\/schema\/logo\/image\/","url":"https:\/\/www.regiebulle.ch\/wp-content\/uploads\/2023\/11\/LogoRBulle_Small.png","contentUrl":"https:\/\/www.regiebulle.ch\/wp-content\/uploads\/2023\/11\/LogoRBulle_Small.png","width":250,"height":235,"caption":"R\u00e9gie Bulle SA"},"image":{"@id":"https:\/\/www.regiebulle.ch\/de\/#\/schema\/logo\/image\/"},"sameAs":["https:\/\/www.facebook.com\/p\/Rgie-Bulle-Immobilier-61572992155377\/","https:\/\/www.instagram.com\/regiebulle_immobilier\/","https:\/\/www.linkedin.com\/company\/regie-bulle-sa\/"]}]}},"_links":{"self":[{"href":"https:\/\/www.regiebulle.ch\/de\/wp-json\/wp\/v2\/pages\/268761","targetHints":{"allow":["GET"]}}],"collection":[{"href":"https:\/\/www.regiebulle.ch\/de\/wp-json\/wp\/v2\/pages"}],"about":[{"href":"https:\/\/www.regiebulle.ch\/de\/wp-json\/wp\/v2\/types\/page"}],"author":[{"embeddable":true,"href":"https:\/\/www.regiebulle.ch\/de\/wp-json\/wp\/v2\/users\/1"}],"replies":[{"embeddable":true,"href":"https:\/\/www.regiebulle.ch\/de\/wp-json\/wp\/v2\/comments?post=268761"}],"version-history":[{"count":7,"href":"https:\/\/www.regiebulle.ch\/de\/wp-json\/wp\/v2\/pages\/268761\/revisions"}],"predecessor-version":[{"id":272205,"href":"https:\/\/www.regiebulle.ch\/de\/wp-json\/wp\/v2\/pages\/268761\/revisions\/272205"}],"wp:attachment":[{"href":"https:\/\/www.regiebulle.ch\/de\/wp-json\/wp\/v2\/media?parent=268761"}],"curies":[{"name":"wp","href":"https:\/\/api.w.org\/{rel}","templated":true}]}}